{"id":56,"date":"2017-12-12T10:55:12","date_gmt":"2017-12-12T14:55:12","guid":{"rendered":"http:\/\/ayuntamiento.guineo\/transparencia\/?page_id=56"},"modified":"2022-02-22T08:18:46","modified_gmt":"2022-02-22T12:18:46","slug":"derechos-de-los-ciudadanos","status":"publish","type":"page","link":"https:\/\/ayuntamientoconsuelo.gob.do\/transparencia\/derechos-de-los-ciudadanos\/","title":{"rendered":"Derechos de los Ciudadanos"},"content":{"rendered":"<p>\u00bfQu\u00e9 son los derechos ciudadanos? Son aquellos derechos e intereses que las personas tienen frente al Estado en su calidad de miembros de la comunidad nacional.<\/p>\n<p>Diversos autores distinguen entre una ciudadan\u00eda pasiva, aquella ciudadan\u00eda formal, consagrada legalmente que supone sujetos de derechos protegidos por el Estado, y una ciudadan\u00eda activa, que requiere la existencia de sujetos pol\u00edticos capaces de hacer exigibles sus derechos, de realizar pr\u00e1cticas aut\u00f3nomas, deliberantes y participativas.<\/p>\n<p>Al Estado le corresponde la noci\u00f3n de rendir cuentas (accountability) y a la sociedad civil la responsabilidad de ejercer control ciudadano y desarrollar ciudadan\u00eda activa.<\/p>\n<p>Esto significa que el Estado tiene una responsabilidad ante la ciudadan\u00eda y \u00e9sta a su vez tiene la tarea de exigir en conciencia el \u201cderecho a tener derechos\u201d y el cumplimiento de los compromisos sociales de los gobiernos en las materias correspondientes.<\/p>\n<p>La ciudadan\u00eda dice relaci\u00f3n con el fortalecimiento de las capacidades ciudadanas para actuar en el debate, gesti\u00f3n y fiscalizaci\u00f3n de la acci\u00f3n p\u00fablica, con autonom\u00eda y poder.<\/p>\n<p>Para viabilizar mecanismos que permitan construir una ciudadan\u00eda activa se han aprobado en los \u00faltimos a\u00f1os dos importantes leyes, lamentablemente a\u00fan poco difundidas y utilizadas por la gran mayor\u00eda de los y las ciudadanas de nuestro pa\u00eds.<\/p>\n<p>La Ley de Acceso a la Informaci\u00f3n P\u00fablica (20.285), promulgada el a\u00f1o 2008 e implementada a partir del a\u00f1o 2009, naci\u00f3 de una moci\u00f3n parlamentaria y establece mecanismos y sanciones para que el derecho a la informaci\u00f3n p\u00fablica sea tal, y todas y todos los ciudadanos podamos tener elementos para ejercer un mayor control ciudadano.<\/p>\n","protected":false},"excerpt":{"rendered":"\u00bfQu\u00e9 son los derechos ciudadanos? Son aquellos derechos e intereses que las personas tienen frente al Estado en su calidad de miembros de la comunidad nacional. Diversos autores distinguen entre una ciudadan\u00eda pasiva, aquella ciudadan\u00eda formal, consagrada legalmente que supone sujetos de derechos protegidos por el Estado, y una ciudadan\u00eda activa, que requiere la existencia&#8230;","protected":false},"author":3,"featured_media":0,"parent":0,"menu_order":0,"comment_status":"closed","ping_status":"closed","template":"","meta":[],"_links":{"self":[{"href":"https:\/\/ayuntamientoconsuelo.gob.do\/transparencia\/wp-json\/wp\/v2\/pages\/56"}],"collection":[{"href":"https:\/\/ayuntamientoconsuelo.gob.do\/transparencia\/wp-json\/wp\/v2\/pages"}],"about":[{"href":"https:\/\/ayuntamientoconsuelo.gob.do\/transparencia\/wp-json\/wp\/v2\/types\/page"}],"author":[{"embeddable":true,"href":"https:\/\/ayuntamientoconsuelo.gob.do\/transparencia\/wp-json\/wp\/v2\/users\/3"}],"replies":[{"embeddable":true,"href":"https:\/\/ayuntamientoconsuelo.gob.do\/transparencia\/wp-json\/wp\/v2\/comments?post=56"}],"version-history":[{"count":2,"href":"https:\/\/ayuntamientoconsuelo.gob.do\/transparencia\/wp-json\/wp\/v2\/pages\/56\/revisions"}],"predecessor-version":[{"id":395,"href":"https:\/\/ayuntamientoconsuelo.gob.do\/transparencia\/wp-json\/wp\/v2\/pages\/56\/revisions\/395"}],"wp:attachment":[{"href":"https:\/\/ayuntamientoconsuelo.gob.do\/transparencia\/wp-json\/wp\/v2\/media?parent=56"}],"curies":[{"name":"wp","href":"https:\/\/api.w.org\/{rel}","templated":true}]}}